{"id":152,"date":"2026-03-09T16:18:54","date_gmt":"2026-03-09T15:18:54","guid":{"rendered":"https:\/\/www.se-records.at\/?page_id=152"},"modified":"2026-03-21T22:55:58","modified_gmt":"2026-03-21T21:55:58","slug":"contact","status":"publish","type":"page","link":"https:\/\/www.se-records.at\/?page_id=152","title":{"rendered":"Contact"},"content":{"rendered":"\t\t<div data-elementor-type=\"wp-page\" data-elementor-id=\"152\" class=\"elementor elementor-152\">\n\t\t\t\t<div class=\"elementor-element elementor-element-26703bf0 e-con-full e-flex e-con e-parent\" data-id=\"26703bf0\" data-element_type=\"container\" data-e-type=\"container\" data-settings=\"{&quot;background_background&quot;:&quot;classic&quot;}\">\n\t\t\t\t<div class=\"elementor-element elementor-element-7b7392c6 elementor-widget elementor-widget-heading\" data-id=\"7b7392c6\" data-element_type=\"widget\" data-e-type=\"widget\" data-widget_type=\"heading.default\">\n\t\t\t\t\t<h2 class=\"elementor-heading-title elementor-size-default\">CONTACT<\/h2>\t\t\t\t<\/div>\n\t\t\t\t<div class=\"elementor-element elementor-element-6aa714f7 elementor-widget-divider--view-line elementor-widget elementor-widget-divider\" data-id=\"6aa714f7\" data-element_type=\"widget\" data-e-type=\"widget\" data-widget_type=\"divider.default\">\n\t\t\t\t\t\t\t<div class=\"elementor-divider\">\n\t\t\t<span class=\"elementor-divider-separator\">\n\t\t\t\t\t\t<\/span>\n\t\t<\/div>\n\t\t\t\t\t\t<\/div>\n\t\t\t\t<div class=\"elementor-element elementor-element-3bfa2f4b elementor-widget elementor-widget-heading\" data-id=\"3bfa2f4b\" data-element_type=\"widget\" data-e-type=\"widget\" data-widget_type=\"heading.default\">\n\t\t\t\t\t<h2 class=\"elementor-heading-title elementor-size-default\">Get in Touch<\/h2>\t\t\t\t<\/div>\n\t\t\t\t<\/div>\n\t\t<div class=\"elementor-element elementor-element-15081851 e-flex e-con-boxed e-con e-parent\" data-id=\"15081851\" data-element_type=\"container\" data-e-type=\"container\">\n\t\t\t\t\t<div class=\"e-con-inner\">\n\t\t\t\t<div class=\"elementor-element elementor-element-4e1f65cb elementor-widget-divider--view-line elementor-widget elementor-widget-divider\" data-id=\"4e1f65cb\" data-element_type=\"widget\" data-e-type=\"widget\" data-widget_type=\"divider.default\">\n\t\t\t\t\t\t\t<div class=\"elementor-divider\">\n\t\t\t<span class=\"elementor-divider-separator\">\n\t\t\t\t\t\t<\/span>\n\t\t<\/div>\n\t\t\t\t\t\t<\/div>\n\t\t<div class=\"elementor-element elementor-element-2c34136 e-con-full e-flex e-con e-child\" data-id=\"2c34136\" data-element_type=\"container\" data-e-type=\"container\">\n\t\t\t\t<div class=\"elementor-element elementor-element-8163c7d elementor-widget elementor-widget-heading\" data-id=\"8163c7d\" data-element_type=\"widget\" data-e-type=\"widget\" data-widget_type=\"heading.default\">\n\t\t\t\t\t<h2 class=\"elementor-heading-title elementor-size-default\">CONTACT<\/h2>\t\t\t\t<\/div>\n\t\t\t\t<\/div>\n\t\t\t\t\t<\/div>\n\t\t\t\t<\/div>\n\t\t<div class=\"elementor-element elementor-element-ed08f73 e-flex e-con-boxed e-con e-parent\" data-id=\"ed08f73\" data-element_type=\"container\" data-e-type=\"container\">\n\t\t\t\t\t<div class=\"e-con-inner\">\n\t\t<div class=\"elementor-element elementor-element-5891769 e-con-full e-flex e-con e-child\" data-id=\"5891769\" data-element_type=\"container\" data-e-type=\"container\">\n\t\t\t\t<div class=\"elementor-element elementor-element-45e7772 elementor-widget elementor-widget-text-editor\" data-id=\"45e7772\" data-element_type=\"widget\" data-e-type=\"widget\" data-widget_type=\"text-editor.default\">\n\t\t\t\t\t\t\t\t\t<p>Phone: +43 (0) 664 5416274<\/p>\t\t\t\t\t\t\t\t<\/div>\n\t\t\t\t<\/div>\n\t\t<div class=\"elementor-element elementor-element-72502e0 e-con-full e-flex e-con e-child\" data-id=\"72502e0\" data-element_type=\"container\" data-e-type=\"container\">\n\t\t\t\t<div class=\"elementor-element elementor-element-c8ed500 elementor-widget elementor-widget-text-editor\" data-id=\"c8ed500\" data-element_type=\"widget\" data-e-type=\"widget\" data-widget_type=\"text-editor.default\">\n\t\t\t\t\t\t\t\t\t<p>E-Mail: <a href=\"mailto:records@silentelephant.at\">records@silentelephant.at<\/a><\/p>\t\t\t\t\t\t\t\t<\/div>\n\t\t\t\t<\/div>\n\t\t\t\t\t<\/div>\n\t\t\t\t<\/div>\n\t\t<div class=\"elementor-element elementor-element-dd80137 e-flex e-con-boxed e-con e-parent\" data-id=\"dd80137\" data-element_type=\"container\" data-e-type=\"container\">\n\t\t\t\t\t<div class=\"e-con-inner\">\n\t\t<div class=\"elementor-element elementor-element-f93369e e-con-full e-flex e-con e-child\" data-id=\"f93369e\" data-element_type=\"container\" data-e-type=\"container\">\n\t\t\t\t<div class=\"elementor-element elementor-element-8498ef0 elementor-widget-divider--view-line elementor-widget elementor-widget-divider\" data-id=\"8498ef0\" data-element_type=\"widget\" data-e-type=\"widget\" data-widget_type=\"divider.default\">\n\t\t\t\t\t\t\t<div class=\"elementor-divider\">\n\t\t\t<span class=\"elementor-divider-separator\">\n\t\t\t\t\t\t<\/span>\n\t\t<\/div>\n\t\t\t\t\t\t<\/div>\n\t\t<div class=\"elementor-element elementor-element-3096beda e-con-full e-flex e-con e-child\" data-id=\"3096beda\" data-element_type=\"container\" data-e-type=\"container\">\n\t\t\t\t<div class=\"elementor-element elementor-element-752bee91 elementor-widget elementor-widget-heading\" data-id=\"752bee91\" data-element_type=\"widget\" data-e-type=\"widget\" data-widget_type=\"heading.default\">\n\t\t\t\t\t<h2 class=\"elementor-heading-title elementor-size-default\">IMPRESSUM<\/h2>\t\t\t\t<\/div>\n\t\t\t\t<div class=\"elementor-element elementor-element-6bac00d8 elementor-widget elementor-widget-text-editor\" data-id=\"6bac00d8\" data-element_type=\"widget\" data-e-type=\"widget\" data-widget_type=\"text-editor.default\">\n\t\t\t\t\t\t\t\t\t<p><strong>Silent Elephant Records<\/strong><\/p>\n<p>Gesch\u00e4ftsf\u00fchrer:<br>Ing. PhDr. Matthias Dworschak BSc. MA.<\/p>\n<p>Adolf-Lorenz-Gasse 13,<br>3422 Altenberg,<br>\u00d6sterreich<\/p>\n<p>E-Mail: <a href=\"mailto:records@silentelephant.at\">records@silentelephant.at<\/a><br>Phone +43 (0) 664 5416274<\/p>\n<p>Firmensitz:&nbsp;3422 Altenberg, Adolf-Lorenz-Gasse 13<br>UID-Nummer:&nbsp;ATU81226479<br>Mitglied bei:&nbsp;Wirtschaftskammer Nieder\u00f6sterreich<\/p>\n<p><strong>Aufsichtsbeh\u00f6rde:<\/strong><br>BH Tulln<br>Hauptplatz 33<br>3430 Tulln<br>Webseite:&nbsp;https:\/\/www.noe.gv.at\/noe\/Tulln\/Bezirkshauptmannschaft_Tulln.html<\/p>\n<p><strong>Audiovisuelle Mediendienste<\/strong><\/p>\n<p>Zust\u00e4ndige Regulierungs- bzw. Aufsichtsbeh\u00f6rde:&nbsp;Kommunikationsbeh\u00f6rde Austria (KommAustria),&nbsp;https:\/\/www.rtr.at<\/p>\n<p><strong>EU-Streitschlichtung<\/strong><\/p>\n<p>Gem\u00e4\u00df Verordnung \u00fcber Online-Streitbeilegung in Verbraucherangelegenheiten (ODR-Verordnung) m\u00f6chten wir Sie \u00fcber die Online-Streitbeilegungsplattform (OS-Plattform) informieren.<br>Verbraucher haben die M\u00f6glichkeit, Beschwerden an die Online Streitbeilegungsplattform der Europ\u00e4ischen Kommission unter&nbsp;https:\/\/ec.europa.eu\/consumers\/odr\/main\/index.cfm?event=main.home2.show&amp;lng=DE&nbsp;zu richten. Die daf\u00fcr notwendigen Kontaktdaten finden Sie oberhalb in unserem Impressum.<\/p>\n<p>Wir m\u00f6chten Sie jedoch darauf hinweisen, dass wir nicht bereit oder verpflichtet sind, an Streitbeilegungsverfahren vor einer Verbraucherschlichtungsstelle teilzunehmen.<\/p>\n<p>Alle Texte sind urheberrechtlich gesch\u00fctzt.<\/p>\t\t\t\t\t\t\t\t<\/div>\n\t\t\t\t<\/div>\n\t\t\t\t<div class=\"elementor-element elementor-element-a7717f7 elementor-widget-divider--view-line elementor-widget elementor-widget-divider\" data-id=\"a7717f7\" data-element_type=\"widget\" data-e-type=\"widget\" data-widget_type=\"divider.default\">\n\t\t\t\t\t\t\t<div class=\"elementor-divider\">\n\t\t\t<span class=\"elementor-divider-separator\">\n\t\t\t\t\t\t<\/span>\n\t\t<\/div>\n\t\t\t\t\t\t<\/div>\n\t\t\t\t<\/div>\n\t\t\t\t\t<\/div>\n\t\t\t\t<\/div>\n\t\t\t\t<\/div>\n\t\t","protected":false},"excerpt":{"rendered":"<p>CONTACT Get in Touch CONTACT Phone: +43 (0) 664 5416274 E-Mail: records@silentelephant.at IMPRESSUM Silent Elephant Records Gesch\u00e4ftsf\u00fchrer:Ing. PhDr. Matthias Dworschak BSc. MA. Adolf-Lorenz-Gasse 13,3422 Altenberg,\u00d6sterreich E-Mail: records@silentelephant.atPhone +43 (0) 664 5416274 Firmensitz:&nbsp;3422 Altenberg, Adolf-Lorenz-Gasse 13UID-Nummer:&nbsp;ATU81226479Mitglied bei:&nbsp;Wirtschaftskammer Nieder\u00f6sterreich Aufsichtsbeh\u00f6rde:BH TullnHauptplatz 333430 TullnWebseite:&nbsp;https:\/\/www.noe.gv.at\/noe\/Tulln\/Bezirkshauptmannschaft_Tulln.html Audiovisuelle Mediendienste Zust\u00e4ndige Regulierungs- bzw. Aufsichtsbeh\u00f6rde:&nbsp;Kommunikationsbeh\u00f6rde Austria (KommAustria),&nbsp;https:\/\/www.rtr.at EU-Streitschlichtung Gem\u00e4\u00df Verordnung \u00fcber Online-Streitbeilegung in [&hellip;]<\/p>\n","protected":false},"author":1,"featured_media":0,"parent":36,"menu_order":0,"comment_status":"closed","ping_status":"closed","template":"elementor_header_footer","meta":{"footnotes":""},"class_list":["post-152","page","type-page","status-publish","hentry"],"_links":{"self":[{"href":"https:\/\/www.se-records.at\/index.php?rest_route=\/wp\/v2\/pages\/152","targetHints":{"allow":["GET"]}}],"collection":[{"href":"https:\/\/www.se-records.at\/index.php?rest_route=\/wp\/v2\/pages"}],"about":[{"href":"https:\/\/www.se-records.at\/index.php?rest_route=\/wp\/v2\/types\/page"}],"author":[{"embeddable":true,"href":"https:\/\/www.se-records.at\/index.php?rest_route=\/wp\/v2\/users\/1"}],"replies":[{"embeddable":true,"href":"https:\/\/www.se-records.at\/index.php?rest_route=%2Fwp%2Fv2%2Fcomments&post=152"}],"version-history":[{"count":28,"href":"https:\/\/www.se-records.at\/index.php?rest_route=\/wp\/v2\/pages\/152\/revisions"}],"predecessor-version":[{"id":473,"href":"https:\/\/www.se-records.at\/index.php?rest_route=\/wp\/v2\/pages\/152\/revisions\/473"}],"up":[{"embeddable":true,"href":"https:\/\/www.se-records.at\/index.php?rest_route=\/wp\/v2\/pages\/36"}],"wp:attachment":[{"href":"https:\/\/www.se-records.at\/index.php?rest_route=%2Fwp%2Fv2%2Fmedia&parent=152"}],"curies":[{"name":"wp","href":"https:\/\/api.w.org\/{rel}","templated":true}]}}